{"id":617,"date":"2024-11-18T17:11:07","date_gmt":"2024-11-18T17:11:07","guid":{"rendered":"https:\/\/antocionidinoloficial.com\/?page_id=617"},"modified":"2024-11-21T13:03:31","modified_gmt":"2024-11-21T13:03:31","slug":"teste-2","status":"publish","type":"page","link":"https:\/\/antocionidinoloficial.com\/index.php\/teste-2\/","title":{"rendered":"Teste"},"content":{"rendered":"\t\t<div data-elementor-type=\"wp-page\" data-elementor-id=\"617\" class=\"elementor elementor-617\" data-elementor-post-type=\"page\">\n\t\t\t\t<div class=\"elementor-element elementor-element-5232ddb e-con-full e-flex e-con e-parent\" data-id=\"5232ddb\" data-element_type=\"container\" data-settings=\"{&quot;background_background&quot;:&quot;classic&quot;}\">\n\t\t<div class=\"elementor-element elementor-element-48996fc e-con-full e-flex e-con e-child\" data-id=\"48996fc\" data-element_type=\"container\">\n\t\t\t\t<div class=\"elementor-element elementor-element-8cd9f51 elementor-widget__width-initial elementor-widget elementor-widget-heading\" data-id=\"8cd9f51\" data-element_type=\"widget\" data-widget_type=\"heading.default\">\n\t\t\t\t<div class=\"elementor-widget-container\">\n\t\t\t<h1 class=\"elementor-heading-title elementor-size-default\">A combina\u00e7\u00e3o de um m\u00e9todo de emagrecimento inteligente <span style=\"font-weight:900;font-size: 1.2em\">com a f\u00f3rmula natural que gera resultados!<\/h1>\t\t<\/div>\n\t\t\t\t<\/div>\n\t\t\t\t<\/div>\n\t\t<div class=\"elementor-element elementor-element-a95fd22 e-con-full e-flex e-con e-child\" data-id=\"a95fd22\" data-element_type=\"container\">\n\t\t<div class=\"elementor-element elementor-element-1c09021 e-con-full e-flex e-con e-child\" data-id=\"1c09021\" data-element_type=\"container\">\n\t\t\t\t<div class=\"elementor-element elementor-element-4ae404f elementor-widget__width-initial elementor-widget elementor-widget-text-editor\" data-id=\"4ae404f\" data-element_type=\"widget\" data-widget_type=\"text-editor.default\">\n\t\t\t\t<div class=\"elementor-widget-container\">\n\t\t\t\t\t\t\t<span class=\"texto__header elementor-lightbox\">Est\u00e1 tentando emagrecer h\u00e1 muito tempo, mas continua sem sucesso? Estamos trazendo a solu\u00e7\u00e3o ideal para voc\u00ea!<\/span>\t\t\t\t\t\t<\/div>\n\t\t\t\t<\/div>\n\t\t\t\t<\/div>\n\t\t<div class=\"elementor-element elementor-element-db3920a e-con-full e-flex e-con e-child\" data-id=\"db3920a\" data-element_type=\"container\">\n\t\t\t\t<div class=\"elementor-element elementor-element-0869d26 elementor-widget__width-initial elementor-widget elementor-widget-text-editor\" data-id=\"0869d26\" data-element_type=\"widget\" data-widget_type=\"text-editor.default\">\n\t\t\t\t<div class=\"elementor-widget-container\">\n\t\t\t\t\t\t\tO New Detox revolucionou e agora, com exclusividade, se tornou o primeiro suplemento a unificar todas as etapas necess\u00e1rias para alcan\u00e7ar o objetivo de eliminar a gordura!\t\t\t\t\t\t<\/div>\n\t\t\t\t<\/div>\n\t\t\t\t<\/div>\n\t\t\t\t<\/div>\n\t\t\t\t<\/div>\n\t\t\t\t<\/div>\n\t\t","protected":false},"excerpt":{"rendered":"<p>A combina\u00e7\u00e3o de um m\u00e9todo de emagrecimento inteligente com a f\u00f3rmula natural que gera resultados! Est\u00e1 tentando emagrecer h\u00e1 muito tempo, mas continua sem sucesso? Estamos trazendo a solu\u00e7\u00e3o ideal para voc\u00ea!O New Detox revolucionou e agora, com exclusividade, se tornou o primeiro suplemento a unificar todas as etapas necess\u00e1rias para alcan\u00e7ar o objetivo de [&hellip;]<\/p>\n","protected":false},"author":1,"featured_media":0,"parent":0,"menu_order":0,"comment_status":"closed","ping_status":"closed","template":"elementor_canvas","meta":{"footnotes":""},"class_list":["post-617","page","type-page","status-publish","hentry"],"_links":{"self":[{"href":"https:\/\/antocionidinoloficial.com\/index.php\/wp-json\/wp\/v2\/pages\/617","targetHints":{"allow":["GET"]}}],"collection":[{"href":"https:\/\/antocionidinoloficial.com\/index.php\/wp-json\/wp\/v2\/pages"}],"about":[{"href":"https:\/\/antocionidinoloficial.com\/index.php\/wp-json\/wp\/v2\/types\/page"}],"author":[{"embeddable":true,"href":"https:\/\/antocionidinoloficial.com\/index.php\/wp-json\/wp\/v2\/users\/1"}],"replies":[{"embeddable":true,"href":"https:\/\/antocionidinoloficial.com\/index.php\/wp-json\/wp\/v2\/comments?post=617"}],"version-history":[{"count":23,"href":"https:\/\/antocionidinoloficial.com\/index.php\/wp-json\/wp\/v2\/pages\/617\/revisions"}],"predecessor-version":[{"id":648,"href":"https:\/\/antocionidinoloficial.com\/index.php\/wp-json\/wp\/v2\/pages\/617\/revisions\/648"}],"wp:attachment":[{"href":"https:\/\/antocionidinoloficial.com\/index.php\/wp-json\/wp\/v2\/media?parent=617"}],"curies":[{"name":"wp","href":"https:\/\/api.w.org\/{rel}","templated":true}]}}